{"id":2405,"date":"2022-07-22T12:08:57","date_gmt":"2022-07-22T12:08:57","guid":{"rendered":"http:\/\/kucneposjete.hr\/blog\/"},"modified":"2022-08-19T19:24:32","modified_gmt":"2022-08-19T19:24:32","slug":"blog","status":"publish","type":"page","link":"https:\/\/kucneposjete.hr\/en\/blog\/","title":{"rendered":"Blog"},"content":{"rendered":"\t\t<div data-elementor-type=\"wp-page\" data-elementor-id=\"2405\" class=\"elementor elementor-2405 elementor-264\" data-elementor-post-type=\"page\">\n\t\t\t\t\t\t<section class=\"elementor-section elementor-top-section elementor-element elementor-element-4788de4 elementor-section-boxed elementor-section-height-default elementor-section-height-default\" data-id=\"4788de4\" data-element_type=\"section\" data-e-type=\"section\" data-settings=\"{&quot;background_background&quot;:&quot;classic&quot;}\">\n\t\t\t\t\t\t<div class=\"elementor-container elementor-column-gap-no\">\n\t\t\t\t\t<div class=\"elementor-column elementor-col-100 elementor-top-column elementor-element elementor-element-85df524\" data-id=\"85df524\" data-element_type=\"column\" data-e-type=\"column\">\n\t\t\t<div class=\"elementor-widget-wrap\">\n\t\t\t\t\t\t\t<\/div>\n\t\t<\/div>\n\t\t\t\t\t<\/div>\n\t\t<\/section>\n\t\t\t\t<section class=\"elementor-section elementor-top-section elementor-element elementor-element-03ea383 elementor-section-boxed elementor-section-height-default elementor-section-height-default\" data-id=\"03ea383\" data-element_type=\"section\" data-e-type=\"section\" data-settings=\"{&quot;background_background&quot;:&quot;classic&quot;}\">\n\t\t\t\t\t\t<div class=\"elementor-container elementor-column-gap-no\">\n\t\t\t\t\t<div class=\"elementor-column elementor-col-50 elementor-top-column elementor-element elementor-element-bf259aa\" data-id=\"bf259aa\" data-element_type=\"column\" data-e-type=\"column\">\n\t\t\t<div class=\"elementor-widget-wrap elementor-element-populated\">\n\t\t\t\t\t\t<div class=\"elementor-element elementor-element-c410baf elementor-widget elementor-widget-heading\" data-id=\"c410baf\" data-element_type=\"widget\" data-e-type=\"widget\" data-widget_type=\"heading.default\">\n\t\t\t\t<div class=\"elementor-widget-container\">\n\t\t\t\t\t<h2 class=\"elementor-heading-title elementor-size-default\">Blog and news<\/h2>\t\t\t\t<\/div>\n\t\t\t\t<\/div>\n\t\t\t\t\t<\/div>\n\t\t<\/div>\n\t\t\t\t<div class=\"elementor-column elementor-col-50 elementor-top-column elementor-element elementor-element-ed2ac72\" data-id=\"ed2ac72\" data-element_type=\"column\" data-e-type=\"column\">\n\t\t\t<div class=\"elementor-widget-wrap elementor-element-populated\">\n\t\t\t\t\t\t<div class=\"elementor-element elementor-element-785bdfd elementor-grid-3 elementor-grid-tablet-2 elementor-grid-mobile-1 elementor-posts--thumbnail-top elementor-widget elementor-widget-posts\" data-id=\"785bdfd\" data-element_type=\"widget\" data-e-type=\"widget\" data-settings=\"{&quot;classic_columns&quot;:&quot;3&quot;,&quot;classic_columns_tablet&quot;:&quot;2&quot;,&quot;classic_columns_mobile&quot;:&quot;1&quot;,&quot;classic_row_gap&quot;:{&quot;unit&quot;:&quot;px&quot;,&quot;size&quot;:35,&quot;sizes&quot;:[]},&quot;classic_row_gap_tablet&quot;:{&quot;unit&quot;:&quot;px&quot;,&quot;size&quot;:&quot;&quot;,&quot;sizes&quot;:[]},&quot;classic_row_gap_mobile&quot;:{&quot;unit&quot;:&quot;px&quot;,&quot;size&quot;:&quot;&quot;,&quot;sizes&quot;:[]}}\" data-widget_type=\"posts.classic\">\n\t\t\t\t<div class=\"elementor-widget-container\">\n\t\t\t\t\t\t\t<div class=\"elementor-posts-container elementor-posts elementor-posts--skin-classic elementor-grid\" role=\"list\">\n\t\t\t\t<article class=\"elementor-post elementor-grid-item post-2509 post type-post status-publish format-standard has-post-thumbnail hentry category-uncategorized-hr\" role=\"listitem\">\n\t\t\t\t<a class=\"elementor-post__thumbnail__link\" href=\"https:\/\/kucneposjete.hr\/en\/when-did-the-doctors-home-visits-start\/\" tabindex=\"-1\" >\n\t\t\t<div class=\"elementor-post__thumbnail\"><img fetchpriority=\"high\" decoding=\"async\" width=\"300\" height=\"200\" src=\"https:\/\/kucneposjete.hr\/wp-content\/uploads\/2021\/05\/doktori-300x200.jpg\" class=\"attachment-medium size-medium wp-image-2340\" alt=\"\" srcset=\"https:\/\/kucneposjete.hr\/wp-content\/uploads\/2021\/05\/doktori-300x200.jpg 300w, https:\/\/kucneposjete.hr\/wp-content\/uploads\/2021\/05\/doktori.jpg 612w\" sizes=\"(max-width: 300px) 100vw, 300px\" \/><\/div>\n\t\t<\/a>\n\t\t\t\t<div class=\"elementor-post__text\">\n\t\t\t\t<h3 class=\"elementor-post__title\">\n\t\t\t<a href=\"https:\/\/kucneposjete.hr\/en\/when-did-the-doctors-home-visits-start\/\" >\n\t\t\t\tWhen did the doctor&#8217;s <br>home visits start?\t\t\t<\/a>\n\t\t<\/h3>\n\t\t\t\t<div class=\"elementor-post__excerpt\">\n\t\t\t<p>The status of home visits by doctors has changed throughout history. From the basic way of providing medical services, through an almost forgotten skill, the<\/p>\n\t\t<\/div>\n\t\t\n\t\t<a class=\"elementor-post__read-more\" href=\"https:\/\/kucneposjete.hr\/en\/when-did-the-doctors-home-visits-start\/\" aria-label=\"Read more about When did the doctor&#8217;s &lt;br&gt;home visits start?\" tabindex=\"-1\" >\n\t\t\t\u2192\t\t<\/a>\n\n\t\t\t\t<\/div>\n\t\t\t\t<\/article>\n\t\t\t\t<article class=\"elementor-post elementor-grid-item post-2507 post type-post status-publish format-standard has-post-thumbnail hentry category-uncategorized\" role=\"listitem\">\n\t\t\t\t<a class=\"elementor-post__thumbnail__link\" href=\"https:\/\/kucneposjete.hr\/en\/what-causes-back-pain\/\" tabindex=\"-1\" >\n\t\t\t<div class=\"elementor-post__thumbnail\"><img decoding=\"async\" width=\"300\" height=\"200\" src=\"https:\/\/kucneposjete.hr\/wp-content\/uploads\/2021\/07\/doktor-300x200.jpg\" class=\"attachment-medium size-medium wp-image-2376\" alt=\"\" srcset=\"https:\/\/kucneposjete.hr\/wp-content\/uploads\/2021\/07\/doktor-300x200.jpg 300w, https:\/\/kucneposjete.hr\/wp-content\/uploads\/2021\/07\/doktor-1024x681.jpg 1024w, https:\/\/kucneposjete.hr\/wp-content\/uploads\/2021\/07\/doktor-768x511.jpg 768w, https:\/\/kucneposjete.hr\/wp-content\/uploads\/2021\/07\/doktor.jpg 1255w\" sizes=\"(max-width: 300px) 100vw, 300px\" \/><\/div>\n\t\t<\/a>\n\t\t\t\t<div class=\"elementor-post__text\">\n\t\t\t\t<h3 class=\"elementor-post__title\">\n\t\t\t<a href=\"https:\/\/kucneposjete.hr\/en\/what-causes-back-pain\/\" >\n\t\t\t\tWhat causes back pain?\t\t\t<\/a>\n\t\t<\/h3>\n\t\t\t\t<div class=\"elementor-post__excerpt\">\n\t\t\t<p>Bolovi u le\u0111ima su jedan od naju\u010destalijih zdravstvenih problema, procjenjuje se da 80% ljudi barem jednom u \u017eivotu ima bolove u le\u0111ima, te predstavljaju \u010dest<\/p>\n\t\t<\/div>\n\t\t\n\t\t<a class=\"elementor-post__read-more\" href=\"https:\/\/kucneposjete.hr\/en\/what-causes-back-pain\/\" aria-label=\"Read more about What causes back pain?\" tabindex=\"-1\" >\n\t\t\t\u2192\t\t<\/a>\n\n\t\t\t\t<\/div>\n\t\t\t\t<\/article>\n\t\t\t\t<article class=\"elementor-post elementor-grid-item post-2503 post type-post status-publish format-standard has-post-thumbnail hentry category-uncategorized-hr\" role=\"listitem\">\n\t\t\t\t<a class=\"elementor-post__thumbnail__link\" href=\"https:\/\/kucneposjete.hr\/en\/free-consultations-with-physicians\/\" tabindex=\"-1\" >\n\t\t\t<div class=\"elementor-post__thumbnail\"><img decoding=\"async\" width=\"300\" height=\"206\" src=\"https:\/\/kucneposjete.hr\/wp-content\/uploads\/2022\/07\/besplatne-konzultacije-lijecnika-300x206.jpg\" class=\"attachment-medium size-medium wp-image-2385\" alt=\"\" srcset=\"https:\/\/kucneposjete.hr\/wp-content\/uploads\/2022\/07\/besplatne-konzultacije-lijecnika-300x206.jpg 300w, https:\/\/kucneposjete.hr\/wp-content\/uploads\/2022\/07\/besplatne-konzultacije-lijecnika-1024x704.jpg 1024w, https:\/\/kucneposjete.hr\/wp-content\/uploads\/2022\/07\/besplatne-konzultacije-lijecnika-768x528.jpg 768w, https:\/\/kucneposjete.hr\/wp-content\/uploads\/2022\/07\/besplatne-konzultacije-lijecnika-1536x1057.jpg 1536w, https:\/\/kucneposjete.hr\/wp-content\/uploads\/2022\/07\/besplatne-konzultacije-lijecnika.jpg 1980w\" sizes=\"(max-width: 300px) 100vw, 300px\" \/><\/div>\n\t\t<\/a>\n\t\t\t\t<div class=\"elementor-post__text\">\n\t\t\t\t<h3 class=\"elementor-post__title\">\n\t\t\t<a href=\"https:\/\/kucneposjete.hr\/en\/free-consultations-with-physicians\/\" >\n\t\t\t\tFree consultations with physicians!\t\t\t<\/a>\n\t\t<\/h3>\n\t\t\t\t<div class=\"elementor-post__excerpt\">\n\t\t\t<p>By the end of August 2022. you may benefit from our consultation services with physicians free of charge! \u00a0 \u00a0 Your wellbeing and health are<\/p>\n\t\t<\/div>\n\t\t\n\t\t<a class=\"elementor-post__read-more\" href=\"https:\/\/kucneposjete.hr\/en\/free-consultations-with-physicians\/\" aria-label=\"Read more about Free consultations with physicians!\" tabindex=\"-1\" >\n\t\t\t\u2192\t\t<\/a>\n\n\t\t\t\t<\/div>\n\t\t\t\t<\/article>\n\t\t\t\t<\/div>\n\t\t\n\t\t\t\t\t\t<\/div>\n\t\t\t\t<\/div>\n\t\t\t\t\t<\/div>\n\t\t<\/div>\n\t\t\t\t\t<\/div>\n\t\t<\/section>\n\t\t\t\t<\/div>\n\t\t","protected":false},"excerpt":{"rendered":"<p>Blog and news<\/p>\n","protected":false},"author":1,"featured_media":0,"parent":0,"menu_order":0,"comment_status":"closed","ping_status":"closed","template":"","meta":{"footnotes":""},"class_list":["post-2405","page","type-page","status-publish","hentry"],"_links":{"self":[{"href":"https:\/\/kucneposjete.hr\/en\/wp-json\/wp\/v2\/pages\/2405","targetHints":{"allow":["GET"]}}],"collection":[{"href":"https:\/\/kucneposjete.hr\/en\/wp-json\/wp\/v2\/pages"}],"about":[{"href":"https:\/\/kucneposjete.hr\/en\/wp-json\/wp\/v2\/types\/page"}],"author":[{"embeddable":true,"href":"https:\/\/kucneposjete.hr\/en\/wp-json\/wp\/v2\/users\/1"}],"replies":[{"embeddable":true,"href":"https:\/\/kucneposjete.hr\/en\/wp-json\/wp\/v2\/comments?post=2405"}],"version-history":[{"count":3,"href":"https:\/\/kucneposjete.hr\/en\/wp-json\/wp\/v2\/pages\/2405\/revisions"}],"predecessor-version":[{"id":2559,"href":"https:\/\/kucneposjete.hr\/en\/wp-json\/wp\/v2\/pages\/2405\/revisions\/2559"}],"wp:attachment":[{"href":"https:\/\/kucneposjete.hr\/en\/wp-json\/wp\/v2\/media?parent=2405"}],"curies":[{"name":"wp","href":"https:\/\/api.w.org\/{rel}","templated":true}]}}